{"id":67,"date":"2016-01-18T21:08:57","date_gmt":"2016-01-18T20:08:57","guid":{"rendered":"http:\/\/www.skraping.hr\/en\/?page_id=67"},"modified":"2022-04-05T14:52:12","modified_gmt":"2022-04-05T12:52:12","slug":"informations-skraping-history","status":"publish","type":"page","link":"https:\/\/www.skraping.hr\/en\/informations-skraping-history\/","title":{"rendered":"\u0160kraping history"},"content":{"rendered":"<p>The goal of the race is to positively influence the self-confidence of contestants and stimulate the inhabitants of the island to take interest in sports, as well as to introduce the public to the fact that the island of Pa\u0161man possesses immense human and natural resources for organizing similar sporting and cultural activities in view of increasing the tourism offer of the area throughout the entire year. In the course of the race, participants get the opportunity to experience attractive sights of the Tkon and Pa\u0161man area. The race thus also becomes a tourism event, because it provides contestants with the chance to get to know the island better.<\/p>\n<p>The visitors and participants of the race come from neighboring and other European countries, and indirectly promote the natural beauties of the island, as well as those of Croatia. Next year we will welcome many professional sportsmen, and they, as well as members of their family, will take part in the race. Each year, several hundred contestants, visitors and other participants partake in the event.<br \/>\nAfter the race, we organize a celebratory dinner and an entertainment program during which the winners are announced and awarded prizes.<\/p>\n<p>&nbsp;<\/p>\n<h4>Winners through years<\/h4>\n<p>&nbsp;<\/p>\n<p><strong>2006. \u0160kraping<\/strong><\/p>\n<p>Broj prijava:182<br \/>\nNa startu:103<br \/>\nNa cilju: 33<br \/>\nNajbolji M: IVAN FEREN\u010cAK, HR; Vrijeme: 05.58.00<br \/>\nNajbolja \u017d: ANA JE\u0160OVNIK, SLO; Vrijeme: 07.10.00<\/p>\n<p><strong>2007. \u0160kraping 007<\/strong><\/p>\n<p>Broj prijava:208<br \/>\nNa startu:185<br \/>\nNa cilju:162<\/p>\n<p>Najbolji M Ultra (43 km):<br \/>\n1.SILVO RO\u017dMAR, SLO \u2013 05.07.30 h<br \/>\n2.BOJAN JEV\u0160EVAR, SLO \u2013 05.07.35 h<br \/>\n3.DEAN RIBI\u0106, HR \u2013 06.12.55 h<\/p>\n<p>Najbolji M Light (20 km):<br \/>\n1. ANDRAS HRIBAR, SLO \u2013 01.47.00 h<br \/>\n2. ANTE JOVI\u0106, HR \u2013 1.48.00 h<br \/>\n3. DRAGUTIN JAGETI\u0106, HR \u2013 2.19.50 h<\/p>\n<p>Najbolja \u017d Ultra (43 km):<br \/>\n1. SIMONA TROBEC, SLO \u2013 7.09.20 h<br \/>\n2. IDA VIDMAR, SLO \u2013 7.24.50 h<br \/>\n3. JAGODA MALBA\u0160A, HR \u2013 7.33.35 h<\/p>\n<p>Najbolji \u017d Light (20 km):<br \/>\n1. ANICA HRIBAR, SLO \u2013 2.22.25 h<br \/>\n2. SARA NORMAN, SWE \u2013 2.44.53 h<br \/>\n3. NEVIA LELJAK, HR \u2013 3.09.21<\/p>\n<p><strong>2008. \u0160kraping Evolution<\/strong><\/p>\n<p>Broj prijava:359<br \/>\nNa startu:198<br \/>\nNa cilju:160<\/p>\n<p>Najbolji M Ultra (45 km):<br \/>\n1.BRANE BREZOVEC, SLO \u2013 6:05:50 h<br \/>\n2.ROBERT POBE\u017dIN,SLO \u2013 6:05:50 h<br \/>\n3.BOJAN JEV\u0160EVAR,SL0 \u2013 6:05:50 h<\/p>\n<p>Najbolji M Light (23 km):<br \/>\n1.JERKO KOVA\u010cI\u0106, HR \u2013 3:30:13 h<br \/>\n2.JESPER NORMAN,SWE \u2013 3:30:50 h<br \/>\n3.PETER KUMER,SLO \u2013 3:32:39 h<\/p>\n<p>Najbolja \u017d Ultra (45 km):<br \/>\n1. ANA JE\u0160OVNIK, HR \u2013 7:33:36 h<br \/>\n2. DARIJA BOSTJAN\u010cI\u0106, HR \u2013 7:33:36 h<br \/>\n3. JAGODA MALBA\u0160A, HR \u2013 7:36:52<\/p>\n<p>Najbolji \u017d Light (23 km):<br \/>\n1. PAULA KOVA\u010c, HR \u2013 4:59:30 h<br \/>\n2. GORDANA \u010cI\u017dMEK, HR \u2013 5:03:30 h<br \/>\n3. MARIJANA KU\u010cINA, HR -5:11:50 h<\/p>\n<p><strong>2009. \u0160kraping New Dimension<\/strong><\/p>\n<p>Broj prijava: 453<br \/>\nNa startu: 419<br \/>\nNa cilju: 348<\/p>\n<p>Najbolji M Ultra:<br \/>\n1.JEV\u0160EVAR BOJAN \u2013 5:33:44<br \/>\n2.Ro\u017eman Silvio \u2013 5:41:35<br \/>\n3.Soldo Slobodan \u2013 6:16:54<\/p>\n<p>Najbolji M Light:<br \/>\n1.Gobin Ivan \u2013 3:00:22<br \/>\n2.Petani Bo\u017eidar \u2013 3:00:23<br \/>\n3.Grah Stjepan \u2013 3:42:24<\/p>\n<p>Najbolja \u017d Ultra:<br \/>\n1.Hribar Anica \u2013 7:58:20<br \/>\n2.Hanza Smokvina Sun\u010dana \u2013 8:51:00<br \/>\n3.Kastelc Ivana \u2013 8:51:00<\/p>\n<p>Najbolji \u017d Light:<br \/>\n1.Ocvirk Eva 4:28:25<br \/>\n2.\u0160ehi\u0107 Alena 4:31:33<br \/>\n3.Gidak Petra 4:44:53<\/p>\n<p><strong>2010. \u0160kraping Pa\u0161man Revival<\/strong><\/p>\n<p>Najbolji M ultra:<br \/>\n1.JEV\u0160EVAR BOJAN \u2013 4:58:19<br \/>\n2.RO\u017dMAN SILVIO \u2013 4:58:29<br \/>\n3.LESJAK GORAN \u2013 5:22:12<\/p>\n<p>Najbolji M light:<br \/>\n1.KUMER PETER \u2013 2:24:12<br \/>\n2.PE\u0160I\u0106 IVO \u2013 2:29:36<br \/>\n3.BURI\u0106 IGOR \u2013 2:38:40<br \/>\n4.VORKAPI\u0106 GORAN \u2013 2:38:40<\/p>\n<p>Najbolja \u017d ultra:<br \/>\n1.HRIBAR ANICA \u2013 6:45:10<br \/>\n2.VRDOLJAK PAULA \u2013 7:49:35<br \/>\n3.BILOBRK NADA \u2013 9:10:12<\/p>\n<p>Najbolja \u017d light:<br \/>\n1.POROPAT TANJA \u2013 3:17:37<br \/>\n2.BREZAK JELENA \u2013 3:31:35<br \/>\n3.GUDALOVI\u0106 ANA \u2013 3:31:59<\/p>\n<p><strong>2011. \u0160kraping Pa\u0161man Roots<\/strong><\/p>\n<p>Najbolji M ultra:<br \/>\n1.JEV\u0160EVAR BOJAN \u2013 5:24:31<br \/>\n1. RO\u017dMAN SILVIO \u2013 2:24:31<br \/>\n3. LESJAK GORAN \u2013 6:25:14<\/p>\n<p>Najbolji M light:<br \/>\n1.HRIBAR ANDRA\u017d \u2013 1:34:27<br \/>\n2.COHI TONI \u2013 2:03:53<br \/>\n3.\u0160KOFI\u0106 DAMJAN \u2013 2:05:13<\/p>\n<p>Najbolja \u017d ultra:<br \/>\n1.HRIBAR ANICA \u2013 6:53:40<br \/>\n2.BILOBRK NADA \u2013 7:40:59<br \/>\n3.SENKOVI\u0106 SENKA \u2013 8:38:38<br \/>\n4.VRDOLJAK PAULA-8:38:38<\/p>\n<p>Najbolja \u017d light:<br \/>\n1.PRESKER INGA \u2013 2:36:43<br \/>\n2.BEBLAK ANA \u2013 2:50:48<br \/>\n3.NOVAKOVI\u0106 LOLA \u2013 2:52:17<br \/>\n4.JURJAV\u010cI\u0106 NE\u017dA \u2013 2:52:17<\/p>\n<p><strong>2012. \u0160kraping Pa\u0161man<\/strong><\/p>\n<p>Najbolja \u017d ultra:<br \/>\n1. Hribar Anica<br \/>\n2. Kru\u0161ec Tadeja<br \/>\n3. Bilobrk Nada<\/p>\n<p>Najbolji M ultra:<br \/>\n1. Vukelic Goran<br \/>\n2. Legac Lino<br \/>\n3. Igli\u010d Toma\u017e<\/p>\n<p>Najbolja \u017d light:<br \/>\n1. Jurjav\u010di\u010d Ne\u017ea<br \/>\n2. Novakovi\u0107 Lola<br \/>\n3. Veselica Rozana<\/p>\n<p>Najbolji M light:<br \/>\n1. Tisani\u0107 Juraj<br \/>\n2. Mo\u010divnik Jure<br \/>\n3. Jeron\u010di\u0107 Stipe<\/p>\n<p>Najbolja \u017d \u0111ir:<br \/>\n1. FORNARI\u0106 SONJA<br \/>\n2. JAVOROVI\u0106 VESNA<br \/>\n3. Raji\u0107 \u017deljka<\/p>\n<p>Najbolji M \u0111ir:<br \/>\n1. Jona Andrija<br \/>\n2. Magi\u0107 Marko<br \/>\n3. Baraka Andrej<\/p>\n<p><strong>2013. \u0160kraping Pa\u0161man<\/strong><\/p>\n<p>Najbolja \u017d ultra:<br \/>\n1. Kru\u0161ec Tadeja<br \/>\n2. Bilobrk Nada<br \/>\n3. Gole\u0161 Barbara<\/p>\n<p>Najbolji M ultra:<br \/>\n1. \u010covi\u0107 Dragomir<br \/>\n2. Ro\u017eman Silvester<br \/>\n3. Ked\u017eo Hrvoje<\/p>\n<p>Najbolja \u017d light:<br \/>\n1. Jakovljevi\u0107 Nikolina<br \/>\n2. \u0106oso Vi\u0161nja<br \/>\n3. Dra\u0161\u010di\u0107 Andrea<\/p>\n<p>Najbolji M light:<br \/>\n1. Mo\u010divnik Jure<br \/>\n2. Skori\u0107 Radan<br \/>\n3. Zugan Borko<\/p>\n<p>Najbolja \u017d \u0111ir:<br \/>\n1. Vitkovi\u0107 Kristina<br \/>\n2. \u0160imunac Brigita<br \/>\n3. Novakovic Maja<\/p>\n<p>Najbolji M \u0111ir:<br \/>\n1. Burazin Ivan<br \/>\n2. Pola\u0161ek Josip<br \/>\n3. Maksimovi\u0107 Ljubomir<\/p>\n<p><strong>2014. \u0160kraping Pa\u0161man<\/strong><\/p>\n<p>Najbolja \u017d ultra:<br \/>\n1. Bilobrk Nada 7:37:50<br \/>\n2. \u010calogovi\u0107 Tea 8:43:57<br \/>\n3. Zalovi\u0107 Manuela 9:10:22<\/p>\n<p>Najbolji M ultra:<br \/>\n1. Pe\u0161i\u0107 Ante 4:48:53<br \/>\n2. Oblak Jure 5:30:33<br \/>\n3. Ercegovic Ante 5:31:11<\/p>\n<p>Najbolja \u017d light:<br \/>\n1. Oblak Lea 2:54:10<br \/>\n2. Omerzel Tina 2:54:15<br \/>\n3. Mio\u010di\u0107 Ana 3:09:53<\/p>\n<p>Najbolji M light:<br \/>\n1. Kumer Peter 2:07:06<br \/>\n2. Mileta Damjan 2:25:23<br \/>\n3. Mileta David 2:25:24<\/p>\n<p>Najbolja \u017d \u0111ir:<br \/>\n1. Vitkovi\u0107 Kristina 1:18:20<br \/>\n2. Marketin Nives 1:23:12<br \/>\n3. Kunja\u010di\u0107 Ana 1:23:13<\/p>\n<p>Najbolji M \u0111ir:<br \/>\n1. Mandl Mario 1:21:17<br \/>\n2. Mari\u0107 Matej 1:22:07<br \/>\n3. Trklja Kre\u0161o 1:24:18<\/p>\n<p><strong>2015. \u0160kraping Pa\u0161man<\/strong><\/p>\n<p>Najbolji M ultra:<br \/>\n1. Ante Pe\u0161i\u0107 5:37:12<br \/>\n2. Silvo Ro\u017eman 6:40: 45<br \/>\n3. Stjepan Grah\u00a0i\u00a0Goran\u00a0Peri\u0107\u00a07:04:32<\/p>\n<p>Najbolja \u017d ultra:<br \/>\n1. Jelena Tomi\u0107 8:46:40<br \/>\n2. Nada Bilobrk 9:10:46<br \/>\n3. Jelena Sekelj\u00a0i\u00a0Manuela Zalovi\u0107 10:07:07<\/p>\n<p>Najbolji M challenger:<br \/>\n1. Ivan \u017delali\u0107 2:16:29<br \/>\n2. Peter Kumer 2:19:32<br \/>\n3. Stipe Jeron\u010di\u0107 2:19:01<\/p>\n<p>Najbolja \u017d challenger:<br \/>\n1. Ana Mio\u010di\u0107 2:45:03<br \/>\n2. Agata Boltnicka 3:05:02<br \/>\n3. Tamara Ravnak 3:15:09<\/p>\n<p>Najbolji M light:<br \/>\n1. Mark Tomek 57:35<br \/>\n2. Damir Frenky \u010culig 57:37<br \/>\n3. Ivan Coli\u0107 58:28<\/p>\n<p>Najbolja \u017d light:<br \/>\n1. Jasmina Kelava 1:06:13<br \/>\n2. Jana\u00a0Budin\u0161\u0107ak 1:15:09<br \/>\n3. Tamara Dabov 1:17:19<\/p>\n<p><strong>2016. \u0160kraping Pa\u0161man<\/strong><\/p>\n<p>Najbolji M ultra:<br \/>\n1. Ante Pe\u0161i\u0107 3:53:08<br \/>\n2. Andra\u017e Hribar 4:17:15<br \/>\n3. Daniel Krstulovi\u0107 Opara 4:52:14<\/p>\n<p>Najbolja \u017d ultra:<br \/>\n1. Jelena Brezak 6:03:30<br \/>\n2. Sanja Mladenovi\u0107 6:06:34<br \/>\n3. Jelena Sekelj 06:25:01<\/p>\n<p>Najbolji M challenger:<br \/>\n1. Stipe Jeron\u010di\u0107 2:01:18<br \/>\n2. Benyamin Vuk 2:01:59<br \/>\n3. Juraj Tisani\u0107 2:13:33<\/p>\n<p>Najbolja \u017d challenger:<br \/>\n1. Marjana Ba\u010deli\u0107 2:18:04<br \/>\n2. Tamara Ravnak 2:38:23<br \/>\n3. Nives \u0160ari\u0107 2:41:17<\/p>\n<p>Najbolji M light:<br \/>\n1. Mark Tomek 56:50<br \/>\n2. Marko Vrbanec 57:01<br \/>\n3. Tomica Gril 59:12<\/p>\n<p>Najbolja \u017d light:<br \/>\n1. Anica Hribar 1:19:23<br \/>\n2. Kristina Vitkovi\u0107 1:19:51<br \/>\n3. Jana Budin\u0161\u0107ak 1:20:27<\/p>\n<p><strong>2017. \u0160kraping Pa\u0161man<\/strong><\/p>\n<p>Najbolji M ultra:<br \/>\n1. Daniel Krstulovi\u0107 Opara 5:02:07<br \/>\n2. Ivan \u017delali\u0107 5:22:46<br \/>\n3. Toni Torbarina 5:23:58<\/p>\n<p>Najbolja \u017d ultra:<br \/>\n1. Sanja Mladenovi\u0107 7:27:25<br \/>\n2. Lea Oblak 8:29:00<br \/>\n3. Tina Bon\u010dina 8:29:01<\/p>\n<p>Najbolji M challenger:<br \/>\n1. Josip Bari\u0107 2:18:57<br \/>\n2. Stipe Jeran\u010di\u0107 2:36:55<br \/>\n3. Berislav Crkvenac 2:39:46<\/p>\n<p>Najbolja \u017d challenger:<br \/>\n1. Tamara Ravnak 3:05:20<br \/>\n2. Janja Oblak 3:07:02<br \/>\n3. Vana \u010cargonja 3: 13:27<\/p>\n<p>Najbolji M light:<br \/>\n1. Marko Vrbanec 1:26:59<br \/>\n2. Kre\u0161imir Mr\u010dela 1:28:11<br \/>\n3. Marko Prazni\u0107 1:34:36<\/p>\n<p>Najbolja \u017d light:<br \/>\n1. Jana Budin\u0161\u0107ak 2:01:41<br \/>\n2. Katarina Mik\u0161aj 2:11:49<br \/>\n3. Tanja Tom\u0161i\u0107 2:13:59<\/p>\n<p><strong>2018. \u0160kraping Pa\u0161man<\/strong><\/p>\n<p>Najbolji M ultra:<br \/>\n1. Ante Pe\u0161i\u0107 5:56:25<br \/>\n2. Toni Tobarina 6:44:09<br \/>\n3. Goran Peri\u0107 7:54:11<\/p>\n<p>Najbolji M challenger:<br \/>\n1. Dragomir \u010covi\u0107 3:06:28<br \/>\n2. Slaven Ivan\u010di\u0107 3:15:52<br \/>\n3. Ivan \u017delali\u0107 3:17:10<\/p>\n<p>Najbolja \u017d challenger:<br \/>\n1. Maja Blaskovic 3:49:21<br \/>\n2. Ana Ru\u017ei\u0107 4:11:58<br \/>\n3. Ana Marija Grguri\u0107 4:24:30<\/p>\n<p>Najbolji M active:<br \/>\n1. Nikola Miji\u0107 1:18:05<br \/>\n2. Kre\u0161imir Dobrovi\u0107 1:18:34<br \/>\n3. Antun Kujund\u017ei\u0107 1:18:49<\/p>\n<p>Najbolja \u017d active:<br \/>\n1. Lucija Mlakar 1:47:08<br \/>\n2. \u017deljka Dulibi\u0107 1:47:32<br \/>\n3. Jelena Platisa 1:18:49<\/p>\n<p>Najbolji M light:<br \/>\n1. Nikola Ozreti\u0107 1:15:53<br \/>\n2. Boris \u0106uravija 1:19:17<br \/>\n3. Kristijan Pezelj 1:36:15<\/p>\n<p>Najbolja \u017d light:<br \/>\n1. Tanja Ozreti\u0107 1:15:53<br \/>\n1. Mila Ozreti\u0107 1:15:53<br \/>\n2. Emili Bahtovi\u0107 1:18:08<\/p>\n<p><strong>2019. \u0160kraping Pa\u0161man<\/strong><\/p>\n<p>Najbolji M ultra:<br \/>\n1. Ante Pe\u0161i\u0107 6:01:30<br \/>\n2. Daniel Krstulovi\u0107 Opara 6:36:46<br \/>\n3. Gaston Piljek 6:56:48<\/p>\n<p>Najbolja \u017d Ultra:<br \/>\n1. Janja Oblak 8:34:57<br \/>\n2. Klara Bajec 9:18:46<br \/>\n2. Tina Bon\u010dina 9:18:46<br \/>\n2. Lea Oblak 9:18:46<\/p>\n<p>Najbolji M challenger:<br \/>\n1. Hrvoje Ked\u017eo 2:27:55<br \/>\n2. Luka \u0160opi\u0107 2:27:58<br \/>\n3. Martin Re\u0161etar 2:36:20<\/p>\n<p>Najbolja \u017d challenger:<br \/>\n1. Tamara Ravnak 2:59:11<br \/>\n2. Mandica Grubi\u0161i\u0107 3:12:22<br \/>\n3. Larisa Vukoja 3:19:52<\/p>\n<p>Najbolji M active:<br \/>\n1. Aljo\u0161a \u017dnidar\u0161i\u010d 1:52:32<br \/>\n2. Darko Vale\u010di\u0107 1:52:37<br \/>\n3. Josip Martinovi\u0107 1:53:27<\/p>\n<p>Najbolja \u017d active:<br \/>\n1. Emila \u010cvrljevi\u0107 2:11:28<br \/>\n2. Doris Bla\u017eevi\u0107 2:12:05<br \/>\n3. Manuela Zalovi\u0107 2:17:37<\/p>\n<p>Najbolji M light:<br \/>\n1. Mario Ku\u0161 36:48<br \/>\n2. Petar Bilosni\u0107 37:55<br \/>\n2. David Bilosni\u0107 37:55<\/p>\n<p>Najbolja \u017d light:<br \/>\n1. Klara Baksa 39:12<br \/>\n2. Bruna Vojvodi\u0107 58:03<br \/>\n3. Antonija Tituli\u0107 58:04<\/p>\n<p><strong>2022. \u0160kraping Pa\u0161man<\/strong><\/p>\n<p>Marathon \u017d<br \/>\n1. Eva Tu\u0161ar Suhadolc 7:06:22<br \/>\n2. Maja \u010cavlovi\u0107 10:50:58<br \/>\n3.<\/p>\n<p>Marathon M<br \/>\n1. Jure Zmrzlikar 6:24:37<br \/>\n2. Stjepan Bari\u0107 7:28:27<br \/>\n3. Toni Torbarina 7:55:03<\/p>\n<p>Challenger \u017d<br \/>\n1. Doris Bla\u017eevi\u0107 2:42:03<br \/>\n2. Ana Mio\u010di\u0107 2:44:50<br \/>\n3. Ma\u0161a Suri\u0107 03:05:40<\/p>\n<p>Challenger M<br \/>\n1. Kre\u0161imir Mr\u010dela 1:47:13<br \/>\n2. Bla\u017e \u0160piler 1:53:46<br \/>\n3. Luka \u0160opi\u0107 2:14:49<\/p>\n<p>Active \u017d<br \/>\n1. Katarina Kaji\u0107 1:14:32<br \/>\n2. Ana Dalbello 1:19:15<br \/>\n3. Antonia Puhari\u0107 1:22:15<\/p>\n<p>Active M<br \/>\n1. Damir Milinkovi\u0107 1:06:03<br \/>\n2. Borna Kova\u010devi\u0107 1:10:51<br \/>\n3. Aljo\u0161a \u017dnidar\u0161i\u010d 1:11:57<\/p>\n<p>Light \u017d<br \/>\n1. Klara Baksa 30:15<br \/>\n2. Maja Roga\u0107 39:50<br \/>\n3. Tara Baksa 42:09<\/p>\n<p>Light M<br \/>\n1. Petar Dundov 29:24<br \/>\n2. Luka Musta\u0107 29:27<br \/>\n3. Edo Baksa 30:16<\/p>\n","protected":false},"excerpt":{"rendered":"<p>The goal of the race is to positively influence the self-confidence of contestants and stimulate the inhabitants of the island to take interest in sports, as well as to introduce the public to the fact that the island of Pa\u0161man possesses immense human and natural resources for organizing similar sporting and cultural activities in view &hellip;<\/p>\n","protected":false},"author":1,"featured_media":0,"parent":0,"menu_order":0,"comment_status":"closed","ping_status":"closed","template":"","meta":[],"_links":{"self":[{"href":"https:\/\/www.skraping.hr\/en\/wp-json\/wp\/v2\/pages\/67"}],"collection":[{"href":"https:\/\/www.skraping.hr\/en\/wp-json\/wp\/v2\/pages"}],"about":[{"href":"https:\/\/www.skraping.hr\/en\/wp-json\/wp\/v2\/types\/page"}],"author":[{"embeddable":true,"href":"https:\/\/www.skraping.hr\/en\/wp-json\/wp\/v2\/users\/1"}],"replies":[{"embeddable":true,"href":"https:\/\/www.skraping.hr\/en\/wp-json\/wp\/v2\/comments?post=67"}],"version-history":[{"count":0,"href":"https:\/\/www.skraping.hr\/en\/wp-json\/wp\/v2\/pages\/67\/revisions"}],"wp:attachment":[{"href":"https:\/\/www.skraping.hr\/en\/wp-json\/wp\/v2\/media?parent=67"}],"curies":[{"name":"wp","href":"https:\/\/api.w.org\/{rel}","templated":true}]}}