{"id":38,"date":"2016-01-18T01:05:05","date_gmt":"2016-01-18T00:05:05","guid":{"rendered":"http:\/\/www.skraping.hr\/hr\/?page_id=38"},"modified":"2026-02-23T08:58:04","modified_gmt":"2026-02-23T07:58:04","slug":"program","status":"publish","type":"page","link":"https:\/\/www.skraping.hr\/hr\/program\/","title":{"rendered":"Program"},"content":{"rendered":"<p style=\"text-align: center;\"><strong>PROGRAM \u0160KRAPING 2026. <\/strong><\/p>\n<p><strong><u>SATNICA \/ RASPORED:<\/u><\/strong><\/p>\n<p><strong><u>PODIZANJE STARTNIH PAKETA<\/u><\/strong><strong><u>:<\/u><\/strong><\/p>\n<p><strong>PETAK, 06.03.<\/strong><br \/>\n<strong>18:00 \u2013 22:00<\/strong> Registracije za utrku za <strong>SVE KATEGORIJE<\/strong>, restoran Sovinje, Tkon<\/p>\n<p><strong>SUBOTA, 07.03.<\/strong><br \/>\n<strong>07:00 \u2013 10:00<\/strong> registracije, restoran Sovinje, Tkon<br \/>\n\u2013 za natjecatelje koji dolaze u subotu preporu\u010damo trajektne linije Biograd \u2013 Tkon u 06:00, 07:00 i 08:00 sati kako bi se svi uspjeli registrirati na vrijeme (vrijeme plovidbe 15 min)<\/p>\n<p><strong>07:20 \u2013 organiziran prijevoz iz Tkona za \u017ddrelac za natjecatelje kategorije MARATHON (Ultra)<\/strong><\/p>\n<p><strong><u>START:<\/u><\/strong><\/p>\n<p><strong>08:00 \u2013 START<\/strong> kategorije <strong><u>MARATHON (Ultra)<\/u><\/strong>: <strong>mjesto \u017dDRELAC<\/strong><\/p>\n<p><strong>10:30 \u2013 START<\/strong> kategorije <strong><u>CHALLENGER, ACTIVE<\/u><\/strong><strong><u> I LIGHT (OBITELJSKA)<\/u><\/strong> mjesto <strong><u>TKON<\/u><\/strong> na rivi<\/p>\n<p><strong>CILJ utrke<\/strong> za sve kategorije: <strong><u>TKON<\/u><\/strong> na rivi<\/p>\n<p><strong><u>LIMIT ZA DOLAZAK U CILJ:<\/u><\/strong><\/p>\n<p><strong>MARATHON (Ultr<\/strong><strong>a)<\/strong>: 19:00 sati<br \/>\n<strong>CHALLENGER<\/strong>: 16:00 sati<br \/>\n<strong>ACTIVE<\/strong>: 14:00 sati<\/p>\n<p><strong>LIGHT (OBITELJSKA):<\/strong> 13:00 sati<\/p>\n<p><strong>13:00 \u2013 19<\/strong>:<strong>00<\/strong> Obrok za sve kategorije, restoran Sovinje, Tkon<\/p>\n<p><strong>Napomena<\/strong>: Ukoliko ste rangirani me\u0111u prva 3 mjesta u svojim kategorijama, a \u017eelite krenuti prije sa Pa\u0161mana, obratite se organizatoru da vam uru\u010di poklon pakete<\/p>\n","protected":false},"excerpt":{"rendered":"<p>PROGRAM \u0160KRAPING 2026. SATNICA \/ RASPORED: PODIZANJE STARTNIH PAKETA: PETAK, 06.03. 18:00 \u2013 22:00 Registracije za utrku za SVE KATEGORIJE, restoran Sovinje, Tkon SUBOTA, 07.03. 07:00 \u2013 10:00 registracije, restoran Sovinje, Tkon \u2013 za natjecatelje koji dolaze u subotu preporu\u010damo trajektne linije Biograd \u2013 Tkon u 06:00, 07:00 i 08:00 sati kako bi se svi &hellip;<\/p>\n","protected":false},"author":1,"featured_media":0,"parent":0,"menu_order":0,"comment_status":"closed","ping_status":"closed","template":"","meta":[],"_links":{"self":[{"href":"https:\/\/www.skraping.hr\/hr\/wp-json\/wp\/v2\/pages\/38"}],"collection":[{"href":"https:\/\/www.skraping.hr\/hr\/wp-json\/wp\/v2\/pages"}],"about":[{"href":"https:\/\/www.skraping.hr\/hr\/wp-json\/wp\/v2\/types\/page"}],"author":[{"embeddable":true,"href":"https:\/\/www.skraping.hr\/hr\/wp-json\/wp\/v2\/users\/1"}],"replies":[{"embeddable":true,"href":"https:\/\/www.skraping.hr\/hr\/wp-json\/wp\/v2\/comments?post=38"}],"version-history":[{"count":1,"href":"https:\/\/www.skraping.hr\/hr\/wp-json\/wp\/v2\/pages\/38\/revisions"}],"predecessor-version":[{"id":5899,"href":"https:\/\/www.skraping.hr\/hr\/wp-json\/wp\/v2\/pages\/38\/revisions\/5899"}],"wp:attachment":[{"href":"https:\/\/www.skraping.hr\/hr\/wp-json\/wp\/v2\/media?parent=38"}],"curies":[{"name":"wp","href":"https:\/\/api.w.org\/{rel}","templated":true}]}}